{"id":295,"date":"2022-10-27T09:54:17","date_gmt":"2022-10-27T07:54:17","guid":{"rendered":"https:\/\/www.mirageversilia.it\/sito\/pagina-di-esempio\/"},"modified":"2022-11-04T19:43:11","modified_gmt":"2022-11-04T18:43:11","slug":"pagina-di-esempio","status":"publish","type":"page","link":"https:\/\/www.mirageversilia.it\/de\/","title":{"rendered":"Home_ger"},"content":{"rendered":"<p>[vc_row css=&#8220;.vc_custom_1667213153025{margin-top: -30px !important;}&#8220;][vc_column]\n\t\t\t<!-- START Slider_GER REVOLUTION SLIDER 6.5.31 --><p class=\"rs-p-wp-fix\"><\/p>\n\t\t\t<rs-module-wrap id=\"rev_slider_5_1_wrapper\" data-source=\"gallery\" style=\"visibility:hidden;background:#edf3f7;padding:0;margin:0px auto;margin-top:2px;margin-bottom:0px;\">\n\t\t\t\t<rs-module id=\"rev_slider_5_1\" style=\"\" data-version=\"6.5.31\">\n\t\t\t\t\t<rs-slides>\n\t\t\t\t\t\t<rs-slide style=\"position: absolute;\" data-key=\"rs-21\" data-title=\"Slide\" data-thumb=\"\/\/www.mirageversilia.it\/sito\/wp-content\/uploads\/2022\/10\/hotel-mirage-02.jpg\" data-in=\"o:0;\" data-out=\"a:false;\">\n\t\t\t\t\t\t\t<img src=\"\/\/www.mirageversilia.it\/sito\/wp-content\/plugins\/revslider\/public\/assets\/assets\/dummy.png\" alt=\"Slide\" title=\"hotel-mirage-02\" width=\"940\" height=\"400\" class=\"rev-slidebg tp-rs-img rs-lazyload\" data-lazyload=\"\/\/www.mirageversilia.it\/sito\/wp-content\/plugins\/revslider\/public\/assets\/assets\/transparent.png\" data-no-retina>\n<!--\n\t\t\t\t\t\t\t--><rs-layer\n\t\t\t\t\t\t\t\tid=\"slider-5-slide-21-layer-0\" \n\t\t\t\t\t\t\t\tdata-type=\"image\"\n\t\t\t\t\t\t\t\tdata-rsp_ch=\"on\"\n\t\t\t\t\t\t\t\tdata-xy=\"x:c;\"\n\t\t\t\t\t\t\t\tdata-text=\"w:normal;s:20,10,4,4;l:0,13,6,6;\"\n\t\t\t\t\t\t\t\tdata-dim=\"w:1175px,1179px,789px,789px;h:500px,502px,336px,336px;\"\n\t\t\t\t\t\t\t\tdata-frame_1=\"sp:780;\"\n\t\t\t\t\t\t\t\tdata-frame_999=\"o:0;st:w;sR:8220;\"\n\t\t\t\t\t\t\t\tstyle=\"z-index:5;\"\n\t\t\t\t\t\t\t><img src=\"\/\/www.mirageversilia.it\/sito\/wp-content\/plugins\/revslider\/public\/assets\/assets\/dummy.png\" alt=\"\" class=\"tp-rs-img rs-lazyload\" width=\"940\" height=\"400\" data-lazyload=\"\/\/www.mirageversilia.it\/sito\/wp-content\/uploads\/2022\/10\/hotel-mirage-02.jpg\" data-no-retina> \n\t\t\t\t\t\t\t<\/rs-layer><!--\n\n\t\t\t\t\t\t\t--><rs-layer\n\t\t\t\t\t\t\t\tid=\"slider-5-slide-21-layer-1\" \n\t\t\t\t\t\t\t\tdata-type=\"text\"\n\t\t\t\t\t\t\t\tdata-rsp_ch=\"on\"\n\t\t\t\t\t\t\t\tdata-xy=\"x:l,l,c,c;xo:1020px,585px,0,585px;y:t,t,m,m;yo:404px,400px,0,400px;\"\n\t\t\t\t\t\t\t\tdata-text=\"w:normal;s:45,40,33,33;l:25,22,18,18;\"\n\t\t\t\t\t\t\t\tdata-dim=\"w:auto,auto,340px,340px;h:auto,45px,auto,45px;\"\n\t\t\t\t\t\t\t\tdata-padding=\"t:12,10,10,10;r:8,6,6,6;b:12,10,10,10;l:8,6,6,6;\"\n\t\t\t\t\t\t\t\tdata-frame_0=\"x:50,44px,37px,37px;y:0,0px,0px,0px;\"\n\t\t\t\t\t\t\t\tdata-frame_1=\"x:0,0px,0px,0px;y:0,0px,0px,0px;st:710;sp:1000;\"\n\t\t\t\t\t\t\t\tdata-frame_999=\"o:0;st:w;sR:7480;\"\n\t\t\t\t\t\t\t\tstyle=\"z-index:6;background-color:rgba(30,134,197,0.79);font-family:'Roboto';\"\n\t\t\t\t\t\t\t>Im Herzen der Versilia \n\t\t\t\t\t\t\t<\/rs-layer><!--\n-->\t\t\t\t\t\t<\/rs-slide>\n\t\t\t\t\t\t<rs-slide style=\"position: absolute;\" data-key=\"rs-22\" data-title=\"Slide\" data-thumb=\"\/\/www.mirageversilia.it\/sito\/wp-content\/uploads\/2022\/10\/hotel-mirage-02.jpg\" data-in=\"o:0;\" data-out=\"a:false;\">\n\t\t\t\t\t\t\t<img src=\"\/\/www.mirageversilia.it\/sito\/wp-content\/plugins\/revslider\/public\/assets\/assets\/dummy.png\" alt=\"Slide\" title=\"hotel-mirage-02\" width=\"940\" height=\"400\" class=\"rev-slidebg tp-rs-img rs-lazyload\" data-lazyload=\"\/\/www.mirageversilia.it\/sito\/wp-content\/plugins\/revslider\/public\/assets\/assets\/transparent.png\" data-no-retina>\n<!--\n\t\t\t\t\t\t\t--><rs-layer\n\t\t\t\t\t\t\t\tid=\"slider-5-slide-22-layer-0\" \n\t\t\t\t\t\t\t\tdata-type=\"image\"\n\t\t\t\t\t\t\t\tdata-rsp_ch=\"on\"\n\t\t\t\t\t\t\t\tdata-xy=\"x:c;\"\n\t\t\t\t\t\t\t\tdata-text=\"w:normal;s:20,10,4,4;l:0,13,6,6;\"\n\t\t\t\t\t\t\t\tdata-dim=\"w:1175px,1181px,789px,789px;h:500px,503px,336px,336px;\"\n\t\t\t\t\t\t\t\tdata-frame_1=\"sp:780;\"\n\t\t\t\t\t\t\t\tdata-frame_999=\"o:0;st:w;sR:8220;\"\n\t\t\t\t\t\t\t\tstyle=\"z-index:5;\"\n\t\t\t\t\t\t\t><img src=\"\/\/www.mirageversilia.it\/sito\/wp-content\/plugins\/revslider\/public\/assets\/assets\/dummy.png\" alt=\"\" class=\"tp-rs-img rs-lazyload\" width=\"940\" height=\"400\" data-lazyload=\"\/\/www.mirageversilia.it\/sito\/wp-content\/uploads\/2022\/10\/mare-pietrasanta.jpg\" data-no-retina> \n\t\t\t\t\t\t\t<\/rs-layer><!--\n\n\t\t\t\t\t\t\t--><rs-layer\n\t\t\t\t\t\t\t\tid=\"slider-5-slide-22-layer-1\" \n\t\t\t\t\t\t\t\tdata-type=\"text\"\n\t\t\t\t\t\t\t\tdata-rsp_ch=\"on\"\n\t\t\t\t\t\t\t\tdata-xy=\"x:l,l,c,c;xo:1020px,533px,0,533px;y:t,t,m,m;yo:404px,400px,0,400px;\"\n\t\t\t\t\t\t\t\tdata-text=\"w:normal;s:45,40,33,33;l:25,22,18,18;\"\n\t\t\t\t\t\t\t\tdata-dim=\"w:auto,auto,373px,373px;\"\n\t\t\t\t\t\t\t\tdata-padding=\"t:12,11,10,10;r:8,7,6,6;b:12,11,10,10;l:8,7,6,6;\"\n\t\t\t\t\t\t\t\tdata-frame_0=\"x:50,47px,37px,37px;y:0,0px,0px,0px;\"\n\t\t\t\t\t\t\t\tdata-frame_1=\"x:0,0px,0px,0px;y:0,0px,0px,0px;st:710;sp:1000;\"\n\t\t\t\t\t\t\t\tdata-frame_999=\"o:0;st:w;sR:7480;\"\n\t\t\t\t\t\t\t\tstyle=\"z-index:6;background-color:rgba(30,134,197,0.79);font-family:'Roboto';\"\n\t\t\t\t\t\t\t>In Marina di Pietrasanta \n\t\t\t\t\t\t\t<\/rs-layer><!--\n-->\t\t\t\t\t\t<\/rs-slide>\n\t\t\t\t\t\t<rs-slide style=\"position: absolute;\" data-key=\"rs-23\" data-title=\"Slide\" data-thumb=\"\/\/www.mirageversilia.it\/sito\/wp-content\/uploads\/2022\/10\/hotel-mirage-02.jpg\" data-in=\"o:0;\" data-out=\"a:false;\">\n\t\t\t\t\t\t\t<img src=\"\/\/www.mirageversilia.it\/sito\/wp-content\/plugins\/revslider\/public\/assets\/assets\/dummy.png\" alt=\"Slide\" title=\"hotel-mirage-02\" width=\"940\" height=\"400\" class=\"rev-slidebg tp-rs-img rs-lazyload\" data-lazyload=\"\/\/www.mirageversilia.it\/sito\/wp-content\/plugins\/revslider\/public\/assets\/assets\/transparent.png\" data-no-retina>\n<!--\n\t\t\t\t\t\t\t--><rs-layer\n\t\t\t\t\t\t\t\tid=\"slider-5-slide-23-layer-0\" \n\t\t\t\t\t\t\t\tdata-type=\"image\"\n\t\t\t\t\t\t\t\tdata-rsp_ch=\"on\"\n\t\t\t\t\t\t\t\tdata-xy=\"x:c;\"\n\t\t\t\t\t\t\t\tdata-text=\"w:normal;s:20,10,4,4;l:0,13,6,6;\"\n\t\t\t\t\t\t\t\tdata-dim=\"w:1175px,1189px,789px,789px;h:500px,506px,336px,336px;\"\n\t\t\t\t\t\t\t\tdata-frame_1=\"sp:780;\"\n\t\t\t\t\t\t\t\tdata-frame_999=\"o:0;st:w;sR:8220;\"\n\t\t\t\t\t\t\t\tstyle=\"z-index:5;\"\n\t\t\t\t\t\t\t><img src=\"\/\/www.mirageversilia.it\/sito\/wp-content\/plugins\/revslider\/public\/assets\/assets\/dummy.png\" alt=\"\" class=\"tp-rs-img rs-lazyload\" width=\"940\" height=\"400\" data-lazyload=\"\/\/www.mirageversilia.it\/sito\/wp-content\/uploads\/2022\/10\/hotel-mirage-03.jpg\" data-no-retina> \n\t\t\t\t\t\t\t<\/rs-layer><!--\n\n\t\t\t\t\t\t\t--><rs-layer\n\t\t\t\t\t\t\t\tid=\"slider-5-slide-23-layer-1\" \n\t\t\t\t\t\t\t\tdata-type=\"text\"\n\t\t\t\t\t\t\t\tdata-rsp_ch=\"on\"\n\t\t\t\t\t\t\t\tdata-xy=\"x:l,l,c,c;xo:395px,624px,1px,1px;y:t,t,m,m;yo:409px,400px,0,400px;\"\n\t\t\t\t\t\t\t\tdata-text=\"w:normal;s:45,40,33,33;l:25,22,18,18;\"\n\t\t\t\t\t\t\t\tdata-dim=\"w:auto,372px,318px,318px;h:auto,39px,38px,38px;\"\n\t\t\t\t\t\t\t\tdata-padding=\"t:12,6,10,10;r:8,4,6,6;b:12,6,10,10;l:8,4,6,6;\"\n\t\t\t\t\t\t\t\tdata-frame_0=\"x:50,26,37px,37px;y:0,0,0px,0px;\"\n\t\t\t\t\t\t\t\tdata-frame_1=\"x:0,0,0px,0px;y:0,0,0px,0px;st:710;sp:1000;\"\n\t\t\t\t\t\t\t\tdata-frame_999=\"o:0;st:w;sR:7480;\"\n\t\t\t\t\t\t\t\tstyle=\"z-index:6;background-color:rgba(30,134,197,0.79);font-family:'Roboto';\"\n\t\t\t\t\t\t\t>Direkte an der K\u00fcste \n\t\t\t\t\t\t\t<\/rs-layer><!--\n-->\t\t\t\t\t\t<\/rs-slide>\n\t\t\t\t\t\t<rs-slide style=\"position: absolute;\" data-key=\"rs-24\" data-title=\"Slide\" data-thumb=\"\/\/www.mirageversilia.it\/sito\/wp-content\/uploads\/2022\/10\/hotel-mirage-02.jpg\" data-in=\"o:0;\" data-out=\"a:false;\">\n\t\t\t\t\t\t\t<img src=\"\/\/www.mirageversilia.it\/sito\/wp-content\/plugins\/revslider\/public\/assets\/assets\/dummy.png\" alt=\"Slide\" title=\"hotel-mirage-02\" width=\"940\" height=\"400\" class=\"rev-slidebg tp-rs-img rs-lazyload\" data-lazyload=\"\/\/www.mirageversilia.it\/sito\/wp-content\/plugins\/revslider\/public\/assets\/assets\/transparent.png\" data-no-retina>\n<!--\n\t\t\t\t\t\t\t--><rs-layer\n\t\t\t\t\t\t\t\tid=\"slider-5-slide-24-layer-0\" \n\t\t\t\t\t\t\t\tdata-type=\"image\"\n\t\t\t\t\t\t\t\tdata-rsp_ch=\"on\"\n\t\t\t\t\t\t\t\tdata-xy=\"x:c;\"\n\t\t\t\t\t\t\t\tdata-text=\"w:normal;s:20,10,4,4;l:0,13,6,6;\"\n\t\t\t\t\t\t\t\tdata-dim=\"w:1175px,1187px,789px,789px;h:500px,505px,336px,336px;\"\n\t\t\t\t\t\t\t\tdata-frame_1=\"sp:780;\"\n\t\t\t\t\t\t\t\tdata-frame_999=\"o:0;st:w;sR:8220;\"\n\t\t\t\t\t\t\t\tstyle=\"z-index:5;\"\n\t\t\t\t\t\t\t><img src=\"\/\/www.mirageversilia.it\/sito\/wp-content\/plugins\/revslider\/public\/assets\/assets\/dummy.png\" alt=\"\" class=\"tp-rs-img rs-lazyload\" width=\"940\" height=\"400\" data-lazyload=\"\/\/www.mirageversilia.it\/sito\/wp-content\/uploads\/2022\/10\/alpi.jpg\" data-no-retina> \n\t\t\t\t\t\t\t<\/rs-layer><!--\n\n\t\t\t\t\t\t\t--><rs-layer\n\t\t\t\t\t\t\t\tid=\"slider-5-slide-24-layer-1\" \n\t\t\t\t\t\t\t\tdata-type=\"text\"\n\t\t\t\t\t\t\t\tdata-rsp_ch=\"on\"\n\t\t\t\t\t\t\t\tdata-xy=\"x:l,l,c,c;xo:396px,562px,1px,1px;y:t,t,m,m;yo:409px,400px,0,400px;\"\n\t\t\t\t\t\t\t\tdata-text=\"w:normal;s:45,40,33,33;l:25,22,18,18;\"\n\t\t\t\t\t\t\t\tdata-dim=\"w:auto,424px,370px,370px;h:auto,44px,38px,38px;\"\n\t\t\t\t\t\t\t\tdata-padding=\"t:12,6,10,10;r:8,4,6,6;b:12,6,10,10;l:8,4,6,6;\"\n\t\t\t\t\t\t\t\tdata-frame_0=\"x:50,26,37px,37px;y:0,0,0px,0px;\"\n\t\t\t\t\t\t\t\tdata-frame_1=\"x:0,0,0px,0px;y:0,0,0px,0px;st:710;sp:1000;\"\n\t\t\t\t\t\t\t\tdata-frame_999=\"o:0;st:w;sR:7480;\"\n\t\t\t\t\t\t\t\tstyle=\"z-index:6;background-color:rgba(30,134,197,0.79);font-family:'Roboto';\"\n\t\t\t\t\t\t\t>Unter den Apuan Alpen \n\t\t\t\t\t\t\t<\/rs-layer><!--\n-->\t\t\t\t\t\t<\/rs-slide>\n\t\t\t\t\t\t<rs-slide style=\"position: absolute;\" data-key=\"rs-25\" data-title=\"Slide\" data-thumb=\"\/\/www.mirageversilia.it\/sito\/wp-content\/uploads\/2022\/10\/hotel-mirage-02.jpg\" data-in=\"o:0;\" data-out=\"a:false;\">\n\t\t\t\t\t\t\t<img src=\"\/\/www.mirageversilia.it\/sito\/wp-content\/plugins\/revslider\/public\/assets\/assets\/dummy.png\" alt=\"Slide\" title=\"hotel-mirage-02\" width=\"940\" height=\"400\" class=\"rev-slidebg tp-rs-img rs-lazyload\" data-lazyload=\"\/\/www.mirageversilia.it\/sito\/wp-content\/plugins\/revslider\/public\/assets\/assets\/transparent.png\" data-no-retina>\n<!--\n\t\t\t\t\t\t\t--><rs-layer\n\t\t\t\t\t\t\t\tid=\"slider-5-slide-25-layer-0\" \n\t\t\t\t\t\t\t\tdata-type=\"image\"\n\t\t\t\t\t\t\t\tdata-rsp_ch=\"on\"\n\t\t\t\t\t\t\t\tdata-xy=\"x:c;xo:0,63px,143px,143px;\"\n\t\t\t\t\t\t\t\tdata-text=\"w:normal;s:20,10,4,4;l:0,13,6,6;\"\n\t\t\t\t\t\t\t\tdata-dim=\"w:1175px,1189px,789px,789px;h:500px,506px,336px,336px;\"\n\t\t\t\t\t\t\t\tdata-frame_1=\"sp:780;\"\n\t\t\t\t\t\t\t\tdata-frame_999=\"o:0;st:w;sR:6220;\"\n\t\t\t\t\t\t\t\tstyle=\"z-index:8;\"\n\t\t\t\t\t\t\t><img src=\"\/\/www.mirageversilia.it\/sito\/wp-content\/plugins\/revslider\/public\/assets\/assets\/dummy.png\" alt=\"\" class=\"tp-rs-img rs-lazyload\" width=\"940\" height=\"400\" data-lazyload=\"\/\/www.mirageversilia.it\/sito\/wp-content\/uploads\/2022\/10\/pontile-marina-di-pietrasanta.jpg\" data-no-retina> \n\t\t\t\t\t\t\t<\/rs-layer><!--\n\n\t\t\t\t\t\t\t--><rs-layer\n\t\t\t\t\t\t\t\tid=\"slider-5-slide-25-layer-1\" \n\t\t\t\t\t\t\t\tdata-type=\"text\"\n\t\t\t\t\t\t\t\tdata-rsp_ch=\"on\"\n\t\t\t\t\t\t\t\tdata-xy=\"x:l,l,c,c;xo:925px,559px,0,559px;y:t,t,m,m;yo:426px,400px,90px,90px;\"\n\t\t\t\t\t\t\t\tdata-text=\"w:normal;s:45,40,33,33;l:25,22,18,18;\"\n\t\t\t\t\t\t\t\tdata-dim=\"w:auto,417px,357px,357px;h:auto,40px,38px,38px;\"\n\t\t\t\t\t\t\t\tdata-padding=\"t:12,6,10,10;r:8,4,6,6;b:12,6,10,10;l:8,4,6,6;\"\n\t\t\t\t\t\t\t\tdata-frame_0=\"x:50,26,37px,37px;y:0,0,0px,0px;\"\n\t\t\t\t\t\t\t\tdata-frame_1=\"x:0,0,0px,0px;y:0,0,0px,0px;st:710;sp:1000;sR:710;\"\n\t\t\t\t\t\t\t\tdata-frame_999=\"o:0;st:w;sR:5290;\"\n\t\t\t\t\t\t\t\tstyle=\"z-index:9;background-color:rgba(30,134,197,0.79);font-family:'Roboto';\"\n\t\t\t\t\t\t\t>Wir freuen uns auf Sie! \n\t\t\t\t\t\t\t<\/rs-layer><!--\n\n\t\t\t\t\t\t\t--><rs-layer\n\t\t\t\t\t\t\t\tid=\"slider-5-slide-25-layer-2\" \n\t\t\t\t\t\t\t\tdata-type=\"image\"\n\t\t\t\t\t\t\t\tdata-rsp_ch=\"on\"\n\t\t\t\t\t\t\t\tdata-xy=\"xo:440px,47px,1px,1px;yo:157px,151px,59px,59px;\"\n\t\t\t\t\t\t\t\tdata-text=\"w:normal;s:20,10,4,4;l:0,13,6,6;\"\n\t\t\t\t\t\t\t\tdata-dim=\"w:334px,346px,318px,318px;h:174px,180px,166px,166px;\"\n\t\t\t\t\t\t\t\tdata-frame_1=\"st:390;sp:750;sR:390;\"\n\t\t\t\t\t\t\t\tdata-frame_999=\"o:0;st:w;sR:5860;\"\n\t\t\t\t\t\t\t\tstyle=\"z-index:10;\"\n\t\t\t\t\t\t\t><img src=\"\/\/www.mirageversilia.it\/sito\/wp-content\/plugins\/revslider\/public\/assets\/assets\/dummy.png\" alt=\"\" class=\"tp-rs-img rs-lazyload\" width=\"334\" height=\"174\" data-lazyload=\"\/\/www.mirageversilia.it\/sito\/wp-content\/uploads\/2022\/10\/banner-sign.png\" data-no-retina> \n\t\t\t\t\t\t\t<\/rs-layer><!--\n-->\t\t\t\t\t\t<\/rs-slide>\n\t\t\t\t\t<\/rs-slides>\n\t\t\t\t\t<rs-static-layers><!--\n\n\t\t\t\t\t\t\t--><a\n\t\t\t\t\t\t\t\tid=\"slider-5-slide-5-layer-4\" \n\t\t\t\t\t\t\t\tclass=\"rs-layer rev-btn rs-layer-static\"\n\t\t\t\t\t\t\t\thref=\"\/sito\/prenotazioni\/\" target=\"_self\"\n\t\t\t\t\t\t\t\tdata-type=\"button\"\n\t\t\t\t\t\t\t\tdata-rsp_ch=\"on\"\n\t\t\t\t\t\t\t\tdata-xy=\"x:r,r,c,c;xo:372px,-1px,0,-1px;\"\n\t\t\t\t\t\t\t\tdata-text=\"w:normal;s:20,20,16,16;l:60,58,50,50;fw:700;\"\n\t\t\t\t\t\t\t\tdata-dim=\"minh:0px,none,none,0px;\"\n\t\t\t\t\t\t\t\tdata-onslides=\"s:1;\"\n\t\t\t\t\t\t\t\tdata-padding=\"r:20,25,21,21;l:20,25,21,21;\"\n\t\t\t\t\t\t\t\tdata-frame_0=\"x:0,0px,0px,0px;y:0,0px,0px,0px;\"\n\t\t\t\t\t\t\t\tdata-frame_1=\"x:0,0px,0px,0px;y:0,0px,0px,0px;\"\n\t\t\t\t\t\t\t\tdata-frame_999=\"o:0;st:w;\"\n\t\t\t\t\t\t\t\tdata-frame_hover=\"c:#000;bgc:#fff;bor:0px,0px,0px,0px;sp:200;e:power1.inOut;\"\n\t\t\t\t\t\t\t\tstyle=\"z-index:7;background-color:#ff4b3c;font-family:'Arial', 'Helvetica', 'sans-serif';\"\n\t\t\t\t\t\t\t>Buchen Sie jetzt \n\t\t\t\t\t\t\t<\/a><!--\n\t\t\t\t\t--><\/rs-static-layers>\n\t\t\t\t<\/rs-module>\n\t\t\t\t<script>\n\t\t\t\t\tsetREVStartSize({c: 'rev_slider_5_1',rl:[1240,1024,778,778],el:[500,500,336,336],gw:[1920,1024,500,500],gh:[500,500,336,336],type:'standard',justify:'',layout:'fullwidth',mh:\"0\"});if (window.RS_MODULES!==undefined && window.RS_MODULES.modules!==undefined && window.RS_MODULES.modules[\"revslider51\"]!==undefined) {window.RS_MODULES.modules[\"revslider51\"].once = false;window.revapi5 = undefined;if (window.RS_MODULES.checkMinimal!==undefined) window.RS_MODULES.checkMinimal()}\n\t\t\t\t<\/script>\n\t\t\t<\/rs-module-wrap>\n\t\t\t<!-- END REVOLUTION SLIDER -->\n[\/vc_column][\/vc_row][vc_row css=&#8220;.vc_custom_1666865087092{margin-top: 36px !important;margin-bottom: 0px !important;}&#8220;][vc_column][vc_column_text css=&#8220;.vc_custom_1667581326528{margin-bottom: 10px !important;}&#8220;]<\/p>\n<h2 style=\"text-align: center;\">50 Meter vom Strand von Tonfano entfernt<\/h2>\n<p>[\/vc_column_text][vc_separator border_width=&#8220;2&#8243;][\/vc_column][\/vc_row][vc_row css=&#8220;.vc_custom_1666865370658{margin-top: 0px !important;}&#8220;][vc_column width=&#8220;1\/4&#8243; offset=&#8220;vc_col-xs-6&#8243;][vc_column_text css=&#8220;.vc_custom_1667223577401{margin-top: 0px !important;}&#8220;]<\/p>\n<h3>Weniger als eine Stunde von:<\/h3>\n<p>[\/vc_column_text][vc_column_text]<\/p>\n<ul>\n<li><strong>Firenze<\/strong><\/li>\n<li><strong>Lucca<\/strong><\/li>\n<li><strong>Pisa<\/strong><\/li>\n<li><strong>Le Cinque Terre<\/strong><\/li>\n<li><strong>Pietrasanta<\/strong><\/li>\n<li><strong>Forte dei Marmi<\/strong><\/li>\n<li><strong>Viareggio<\/strong><\/li>\n<\/ul>\n<p>[\/vc_column_text][\/vc_column][vc_column width=&#8220;3\/4&#8243; offset=&#8220;vc_col-xs-6 vc_hidden-xs&#8220;][vc_gallery type=&#8220;image_grid&#8220; images=&#8220;69,70,71,72,73,74&#8243; img_size=&#8220;231&#215;150&#8243;][\/vc_column][\/vc_row][vc_row][vc_column offset=&#8220;vc_hidden-lg vc_hidden-md vc_hidden-sm&#8220;][vc_single_image image=&#8220;296&#8243; img_size=&#8220;full&#8220; alignment=&#8220;center&#8220;][\/vc_column][\/vc_row][vc_row css=&#8220;.vc_custom_1666865370658{margin-top: 0px !important;}&#8220;][vc_column width=&#8220;1\/4&#8243;][vc_raw_html]JTNDYSUyMGlkJTNEJTIyaGNvbS13NzA4OCUyMiUyMGNsYXNzJTNEJTIyaGNvbS13LWJhZGdlLTElMjIlMjBocmVmJTNEJTIyaHR0cCUzQSUyRiUyRml0LmhvdGVscy5jb20lMkZobzQ5ODYwOSUyRmhvdGVsLW1pcmFnZS12ZXJzaWxpYS1waWV0cmFzYW50YS1pdGFsaWElMkYlM0Z3YXBiMSUzRGd1ZXN0cmF0aW5nd2lkZ2V0cy0xJTIyJTNFJTNDJTJGcCUzRSUwQSUzQ2RpdiUyMGlkJTNEJTIyaGNvbS13NzA4OC1pbm5lciUyMiUyMGNsYXNzJTNEJTIyaGNvbS13LWlubmVyJTIyJTNFJTBBJTNDZGl2JTIwaWQlM0QlMjJoY29tLXc3MDg4LXRvcCUyMiUyMGNsYXNzJTNEJTIyaGNvbS13LXRvcCUyMiUzRSUwQSUzQ2RpdiUyMGlkJTNEJTIyaGNvbS13NzA4OC10ZXh0JTIyJTIwY2xhc3MlM0QlMjJoY29tLXctdGV4dCUyMiUzRVZhbHV0YXRvJTIwZGElMjAlM0NzcGFuJTNFMTclM0MlMkZzcGFuJTNFJTIwb3NwaXRpJTNDJTJGZGl2JTNFJTBBJTNDZGl2JTIwaWQlM0QlMjJoY29tLXc3MDg4LXNjb3JlJTIyJTIwY2xhc3MlM0QlMjJoY29tLXctc2NvcmUlMjIlM0UlM0NzcGFuJTNFMy42JTNDJTJGc3BhbiUzRSUyMCUyRiUyMDUlM0MlMkZkaXYlM0UlMEElM0NkaXYlMjBpZCUzRCUyMmhjb20tdzcwODgtc2J1YmJsZSUyMiUyMGNsYXNzJTNEJTIyaGNvbS13LXNidWJibGUlMjIlM0UlM0MlMkZkaXYlM0UlMEElM0MlMkZwJTNFJTNDJTJGZGl2JTNFJTBBJTNDZGl2JTIwaWQlM0QlMjJoY29tLXc3MDg4LWJvdHRvbSUyMiUyMGNsYXNzJTNEJTIyaGNvbS13LWJvdHRvbSUyMiUzRSUwQSUyMCUyMCUyMCUyMCUyMCUyMCUyMCUyMCUyMCUyMCUyMCUyMCUzQyUyRmRpdiUzRSUwQSUzQyUyRnAlM0UlM0MlMkZkaXYlM0UlMEElM0NwJTNFJTIwJTIwJTIwJTIwJTIwJTIwJTIwJTIwJTNDJTJGYSUzRSUzQyUyRnAlM0UlMEElM0NsaW5rJTIwaHJlZiUzRCUyMmh0dHBzJTNBJTJGJTJGcGFydG5lcnMuaG90ZWxzLmNvbSUzQTQ0MyUyRnN0eWxlcyUyRmhvdGVsYmFkZ2UlMkZoY29tLmd1ZXN0LnJhdGluZy53aWRnZXQuZGVzaWduXzEuY3NzJTIyJTIwdHlwZSUzRCUyMnRleHQlMkZjc3MlMjIlMjByZWwlM0QlMjJzdHlsZXNoZWV0JTIyJTIwbWVkaWElM0QlMjJzY3JlZW4lMjIlMjAlMkYlM0UlM0NzY3JpcHQlMjBzcmMlM0QlMjJodHRwcyUzQSUyRiUyRnBhcnRuZXJzLmhvdGVscy5jb20lM0E0NDMlMkZndWVzdHJhdGluZ3dpZGdldHMlMkYxJTJGNDk4NjA5JTJGSENPTV9JVC1pdF9JVCUyRjElMkY3MDg4JTJGcmVzdWx0LmpzJTIyJTNFJTNDJTJGc2NyaXB0JTNF[\/vc_raw_html][\/vc_column][vc_column width=&#8220;3\/4&#8243;][vc_column_text]<strong>Das 3 Sterne HOTEL MIRAGE<\/strong> in Pietrasanta ist das ideale Hotel f\u00fcr Ihren Urlaub an der Versiliak\u00fcste. Es liegt direkt am Meer in Tonfano, einem Ortsteil von Pietrasanta. Unser Hotel ist bei unserer Kundschaft sehr beliebt, denn es verf\u00fcgt \u00fcber eine vorz\u00fcgliche Lage direkt an der Strandpromenade der Versiliak\u00fcste, gleich am Strand und nur 100 Meter vom Meer entfernt. Au\u00dferdem besitzt es einen herrlichen Garten mit schattigen Steineichen f\u00fcr besonders erholsame Momente.<\/p>\n<p><strong>Der Name des HOTEL MIRAGE<\/strong> steht f\u00fcr Freundlichkeit und famili\u00e4res Flair. Hier wird Ihnen vom hochqualifizierten und stets zur Verf\u00fcgung stehenden Personal jeder Ihrer pers\u00f6nlichen W\u00fcnsche erf\u00fcllt. Au\u00dferdem bietet das Hotel seiner werten Kundschaft ein reiches Angebot der b\u00fcrgerlichen K\u00fcche mit toskanischen Meeres- und Landspezialit\u00e4ten. Im gro\u00dfen Garten befindet sich die Osteria Otto Tavoli, ein kleines Restaurant mit Fischspezialit\u00e4ten, das \u00e0 la carte serviert (<a href=\"http:\/\/www.ottotavoli.it\">www.ottotavoli.it<\/a>)[\/vc_column_text][\/vc_column][\/vc_row]<\/p>\n","protected":false},"excerpt":{"rendered":"<p>[vc_row css=&#8220;.vc_custom_1667213153025{margin-top: -30px !important;}&#8220;][vc_column][\/vc_column][\/vc_row][vc_row css=&#8220;.vc_custom_1666865087092{margin-top: 36px !important;margin-bottom: 0px !important;}&#8220;][vc_column][vc_column_text css=&#8220;.vc_custom_1667581326528{margin-bottom: 10px !important;}&#8220;] 50 Meter vom Strand von Tonfano entfernt [\/vc_column_text][vc_separator border_width=&#8220;2&#8243;][\/vc_column][\/vc_row][vc_row css=&#8220;.vc_custom_1666865370658{margin-top: 0px !important;}&#8220;][vc_column width=&#8220;1\/4&#8243; offset=&#8220;vc_col-xs-6&#8243;][vc_column_text css=&#8220;.vc_custom_1667223577401{margin-top: 0px !important;}&#8220;] Weniger als eine Stunde von: [\/vc_column_text][vc_column_text] Firenze Lucca Pisa Le Cinque Terre Pietrasanta Forte dei Marmi Viareggio [\/vc_column_text][\/vc_column][vc_column width=&#8220;3\/4&#8243; offset=&#8220;vc_col-xs-6 vc_hidden-xs&#8220;][vc_gallery type=&#8220;image_grid&#8220; images=&#8220;69,70,71,72,73,74&#8243; img_size=&#8220;231&#215;150&#8243;][\/vc_column][\/vc_row][vc_row][vc_column offset=&#8220;vc_hidden-lg vc_hidden-md [&hellip;]<\/p>\n","protected":false},"author":1,"featured_media":0,"parent":0,"menu_order":0,"comment_status":"closed","ping_status":"open","template":"template-fullwidth-no-heading.php","meta":[],"aioseo_notices":[],"_links":{"self":[{"href":"https:\/\/www.mirageversilia.it\/de\/wp-json\/wp\/v2\/pages\/295"}],"collection":[{"href":"https:\/\/www.mirageversilia.it\/de\/wp-json\/wp\/v2\/pages"}],"about":[{"href":"https:\/\/www.mirageversilia.it\/de\/wp-json\/wp\/v2\/types\/page"}],"author":[{"embeddable":true,"href":"https:\/\/www.mirageversilia.it\/de\/wp-json\/wp\/v2\/users\/1"}],"replies":[{"embeddable":true,"href":"https:\/\/www.mirageversilia.it\/de\/wp-json\/wp\/v2\/comments?post=295"}],"version-history":[{"count":12,"href":"https:\/\/www.mirageversilia.it\/de\/wp-json\/wp\/v2\/pages\/295\/revisions"}],"predecessor-version":[{"id":502,"href":"https:\/\/www.mirageversilia.it\/de\/wp-json\/wp\/v2\/pages\/295\/revisions\/502"}],"wp:attachment":[{"href":"https:\/\/www.mirageversilia.it\/de\/wp-json\/wp\/v2\/media?parent=295"}],"curies":[{"name":"wp","href":"https:\/\/api.w.org\/{rel}","templated":true}]}}