{"id":342,"date":"2022-10-31T10:45:08","date_gmt":"2022-10-31T09:45:08","guid":{"rendered":"https:\/\/www.mirageversilia.it\/sito\/camere\/"},"modified":"2022-11-04T18:15:53","modified_gmt":"2022-11-04T17:15:53","slug":"zimmer","status":"publish","type":"page","link":"https:\/\/www.mirageversilia.it\/de\/zimmer\/","title":{"rendered":"Zimmer"},"content":{"rendered":"<p>[vc_row full_width=&#8220;stretch_row&#8220; css=&#8220;.vc_custom_1667213421167{margin-top: -30px !important;border-bottom-width: 1px !important;background-color: #edf3f7 !important;border-bottom-color: #d1d1d1 !important;border-bottom-style: solid !important;}&#8220;][vc_column][vc_single_image image=&#8220;231&#8243; img_size=&#8220;full&#8220; alignment=&#8220;center&#8220; css=&#8220;.vc_custom_1667213486640{margin-top: -30px !important;margin-bottom: 5px !important;}&#8220;][\/vc_column][\/vc_row][vc_row css=&#8220;.vc_custom_1667213261980{margin-top: 20px !important;}&#8220;][vc_column][vc_text_separator title=&#8220;Zimmer&#8220; title_align=&#8220;separator_align_left&#8220; style=&#8220;double&#8220; border_width=&#8220;2&#8243;][vc_column_text]Hotel Mirage verf\u00fcgt \u00fcber 18 Zimmer davon sind 16 mit Balkon ausgestattet mit Meerblick.<\/p>\n<p><strong>Am Abreisetag muss das Zimmer bis 10:00 Uhr ger\u00e4umt sein.<\/strong>[\/vc_column_text][\/vc_column][\/vc_row][vc_row][vc_column width=&#8220;1\/4&#8243;][vc_column_text]<strong>UNSERE UNTERK\u00dcNFTE VERF\u00dcGEN \u00dcBER:<\/strong><\/p>\n<ul>\n<li>Bad mit Dusche<\/li>\n<li>Telefon<\/li>\n<li>Farbfernsehen<\/li>\n<li>Klimaanlage<\/li>\n<li>Phon<\/li>\n<li>Wi-Fi<\/li>\n<\/ul>\n<p>[\/vc_column_text][vc_btn title=&#8220;Buchen&#8220; style=&#8220;flat&#8220; color=&#8220;danger&#8220; size=&#8220;lg&#8220; link=&#8220;url:%2Fsito%2Fde%2Freservierungen%2F&#8220;][\/vc_column][vc_column width=&#8220;3\/4&#8243; offset=&#8220;vc_hidden-xs&#8220;][vc_gallery type=&#8220;image_grid&#8220; images=&#8220;116,119,122,125,134,137,143,140,113,107,110,128,131,146,149&#8243; img_size=&#8220;231&#215;150&#8243;][\/vc_column][\/vc_row][vc_row][vc_column offset=&#8220;vc_hidden-lg vc_hidden-md vc_hidden-sm&#8220;][vc_single_image image=&#8220;118&#8243; img_size=&#8220;full&#8220; alignment=&#8220;center&#8220;][\/vc_column][\/vc_row]<\/p>\n","protected":false},"excerpt":{"rendered":"<p>[vc_row full_width=&#8220;stretch_row&#8220; css=&#8220;.vc_custom_1667213421167{margin-top: -30px !important;border-bottom-width: 1px !important;background-color: #edf3f7 !important;border-bottom-color: #d1d1d1 !important;border-bottom-style: solid !important;}&#8220;][vc_column][vc_single_image image=&#8220;231&#8243; img_size=&#8220;full&#8220; alignment=&#8220;center&#8220; css=&#8220;.vc_custom_1667213486640{margin-top: -30px !important;margin-bottom: 5px !important;}&#8220;][\/vc_column][\/vc_row][vc_row css=&#8220;.vc_custom_1667213261980{margin-top: 20px !important;}&#8220;][vc_column][vc_text_separator title=&#8220;Zimmer&#8220; title_align=&#8220;separator_align_left&#8220; style=&#8220;double&#8220; border_width=&#8220;2&#8243;][vc_column_text]Hotel Mirage verf\u00fcgt \u00fcber 18 Zimmer davon sind 16 mit Balkon ausgestattet mit Meerblick. Am Abreisetag muss das Zimmer bis 10:00 Uhr ger\u00e4umt sein.[\/vc_column_text][\/vc_column][\/vc_row][vc_row][vc_column width=&#8220;1\/4&#8243;][vc_column_text]UNSERE UNTERK\u00dcNFTE VERF\u00dcGEN \u00dcBER: [&hellip;]<\/p>\n","protected":false},"author":1,"featured_media":0,"parent":0,"menu_order":0,"comment_status":"closed","ping_status":"closed","template":"template-fullwidth-no-heading.php","meta":[],"aioseo_notices":[],"_links":{"self":[{"href":"https:\/\/www.mirageversilia.it\/de\/wp-json\/wp\/v2\/pages\/342"}],"collection":[{"href":"https:\/\/www.mirageversilia.it\/de\/wp-json\/wp\/v2\/pages"}],"about":[{"href":"https:\/\/www.mirageversilia.it\/de\/wp-json\/wp\/v2\/types\/page"}],"author":[{"embeddable":true,"href":"https:\/\/www.mirageversilia.it\/de\/wp-json\/wp\/v2\/users\/1"}],"replies":[{"embeddable":true,"href":"https:\/\/www.mirageversilia.it\/de\/wp-json\/wp\/v2\/comments?post=342"}],"version-history":[{"count":6,"href":"https:\/\/www.mirageversilia.it\/de\/wp-json\/wp\/v2\/pages\/342\/revisions"}],"predecessor-version":[{"id":465,"href":"https:\/\/www.mirageversilia.it\/de\/wp-json\/wp\/v2\/pages\/342\/revisions\/465"}],"wp:attachment":[{"href":"https:\/\/www.mirageversilia.it\/de\/wp-json\/wp\/v2\/media?parent=342"}],"curies":[{"name":"wp","href":"https:\/\/api.w.org\/{rel}","templated":true}]}}